{"id":19,"date":"2025-09-08T17:12:57","date_gmt":"2025-09-08T17:12:57","guid":{"rendered":"http:\/\/www.erenisi.com.tr\/?page_id=19"},"modified":"2025-09-08T17:56:00","modified_gmt":"2025-09-08T17:56:00","slug":"hizmetlerimiz","status":"publish","type":"page","link":"http:\/\/www.erenisi.com.tr\/index.php\/hizmetlerimiz\/","title":{"rendered":"Hizmetlerimiz"},"content":{"rendered":"\n<p>Eren Is\u0131 olarak, Is\u0131tma Sistemleri, So\u011futma Sistemleri, Ka\u00e7ak Su Tespiti, Do\u011falgaz Sistemleri, S\u0131hhi Tesisat, End\u00fcstriyel Tesisatlar, Yang\u0131n S\u00f6nd\u00fcrme Sistemleri, Havaland\u0131rma Sistemleri, En Yak\u0131n Su Tesisat\u00e7\u0131s\u0131 Mutfak t\u0131kan\u0131kl\u0131\u011f\u0131 a\u00e7ma, Gider T\u0131kan\u0131kl\u0131k A\u00e7ma, Lavabo T\u0131kan\u0131kl\u0131\u011f\u0131 A\u00e7ma, K\u0131rmadan su ka\u00e7a\u011f\u0131 tespiti, Tesisat\u0131 ar\u0131z tespiti, Termal kamera ile ka\u00e7ak tespiti<\/p>\n","protected":false},"excerpt":{"rendered":"<p>Eren Is\u0131 olarak, Is\u0131tma Sistemleri, So\u011futma Sistemleri, Ka\u00e7ak Su Tespiti, Do\u011falgaz Sistemleri, S\u0131hhi Tesisat, End\u00fcstriyel Tesisatlar, Yang\u0131n S\u00f6nd\u00fcrme Sistemleri, Havaland\u0131rma Sistemleri, En Yak\u0131n Su Tesisat\u00e7\u0131s\u0131 Mutfak t\u0131kan\u0131kl\u0131\u011f\u0131 a\u00e7ma, Gider T\u0131kan\u0131kl\u0131k A\u00e7ma, Lavabo T\u0131kan\u0131kl\u0131\u011f\u0131 A\u00e7ma, K\u0131rmadan su ka\u00e7a\u011f\u0131 tespiti, Tesisat\u0131 ar\u0131z tespiti, Termal kamera ile ka\u00e7ak tespiti<\/p>\n","protected":false},"author":1,"featured_media":0,"parent":0,"menu_order":0,"comment_status":"closed","ping_status":"closed","template":"","meta":{"footnotes":""},"class_list":["post-19","page","type-page","status-publish","hentry"],"_links":{"self":[{"href":"http:\/\/www.erenisi.com.tr\/index.php\/wp-json\/wp\/v2\/pages\/19","targetHints":{"allow":["GET"]}}],"collection":[{"href":"http:\/\/www.erenisi.com.tr\/index.php\/wp-json\/wp\/v2\/pages"}],"about":[{"href":"http:\/\/www.erenisi.com.tr\/index.php\/wp-json\/wp\/v2\/types\/page"}],"author":[{"embeddable":true,"href":"http:\/\/www.erenisi.com.tr\/index.php\/wp-json\/wp\/v2\/users\/1"}],"replies":[{"embeddable":true,"href":"http:\/\/www.erenisi.com.tr\/index.php\/wp-json\/wp\/v2\/comments?post=19"}],"version-history":[{"count":2,"href":"http:\/\/www.erenisi.com.tr\/index.php\/wp-json\/wp\/v2\/pages\/19\/revisions"}],"predecessor-version":[{"id":43,"href":"http:\/\/www.erenisi.com.tr\/index.php\/wp-json\/wp\/v2\/pages\/19\/revisions\/43"}],"wp:attachment":[{"href":"http:\/\/www.erenisi.com.tr\/index.php\/wp-json\/wp\/v2\/media?parent=19"}],"curies":[{"name":"wp","href":"https:\/\/api.w.org\/{rel}","templated":true}]}}